{"id":721,"date":"2022-11-04T09:27:26","date_gmt":"2022-11-04T09:27:26","guid":{"rendered":"https:\/\/stido.lt\/eu-support\/"},"modified":"2025-02-14T16:38:15","modified_gmt":"2025-02-14T16:38:15","slug":"es-parama","status":"publish","type":"page","link":"https:\/\/stido.lt\/lt\/es-parama\/","title":{"rendered":"ES parama"},"content":{"rendered":"\n<figure class=\"wp-block-image size-large is-resized\"><img decoding=\"async\" width=\"1024\" height=\"242\" src=\"https:\/\/stido.lt\/wp-content\/uploads\/2025\/02\/Screenshot-2025-02-14-at-13.33.44-1024x242.png\" alt=\"\" class=\"wp-image-859\" style=\"width:377px;height:auto\" srcset=\"https:\/\/stido.lt\/wp-content\/uploads\/2025\/02\/Screenshot-2025-02-14-at-13.33.44-1024x242.png 1024w, https:\/\/stido.lt\/wp-content\/uploads\/2025\/02\/Screenshot-2025-02-14-at-13.33.44-300x71.png 300w, https:\/\/stido.lt\/wp-content\/uploads\/2025\/02\/Screenshot-2025-02-14-at-13.33.44-768x181.png 768w, https:\/\/stido.lt\/wp-content\/uploads\/2025\/02\/Screenshot-2025-02-14-at-13.33.44-600x142.png 600w, https:\/\/stido.lt\/wp-content\/uploads\/2025\/02\/Screenshot-2025-02-14-at-13.33.44.png 1168w\" sizes=\"(max-width: 1024px) 100vw, 1024px\" \/><\/figure>\n\n\n\n<h2 class=\"wp-block-heading\"><strong>Project name: UAB Stido Non-technological Innovations<\/strong><\/h2>\n\n\n\n<h2 class=\"wp-block-heading\"><strong>Project code: 02-040-K-0374<\/strong><\/h2>\n\n\n\n<p>Value of eligible costs: EUR 262.946<\/p>\n\n\n\n<p>Amount of funding: EUR 124.075<\/p>\n\n\n\n<p>Objective of the project: 1) To develop and market new product designs, thereby increasing the company&#8217;s export volumes. 2) To introduce process\/organisational innovations in the company, thereby increasing the company&#8217;s involvement in international value chains.<\/p>\n\n\n\n<p>The project will include three activities:<\/p>\n\n\n\n<ol class=\"wp-block-list\">\n<li>1. Development and implementation of new product designs for the company&#8217;s new products, which will result in the development of design concepts for the company&#8217;s 2 product lines, which will make them attractive to consumers and help the company to increase its sales (including export) revenues, profits and labour productivity.<\/li>\n\n\n\n<li>Process innovation &#8211; the company plans to introduce significantly improved services that involve new or improved production methods.<\/li>\n\n\n\n<li>Organisational innovation, i.e. the application of new organisational approaches at the enterprise level (increasing the efficiency of the organisation by organising work or implementing organisational development.<\/li>\n<\/ol>\n\n\n\n<p>Start of project activities: 15-11-2024<\/p>\n\n\n\n<p>End of project activities: 15\/05\/2026<\/p>\n\n\n\n<p>Project promoter: UAB Stido<\/p>\n\n\n\n<p>More information www.esinvesticijos.lt<\/p>\n\n\n\n<p>Project co-funded by the European Union<\/p>\n\n\n\n<figure class=\"wp-block-image size-large is-resized\"><img decoding=\"async\" width=\"1024\" height=\"242\" src=\"https:\/\/stido.lt\/wp-content\/uploads\/2025\/02\/Screenshot-2025-02-14-at-13.33.44-1024x242.png\" alt=\"\" class=\"wp-image-859\" style=\"width:384px;height:auto\" srcset=\"https:\/\/stido.lt\/wp-content\/uploads\/2025\/02\/Screenshot-2025-02-14-at-13.33.44-1024x242.png 1024w, https:\/\/stido.lt\/wp-content\/uploads\/2025\/02\/Screenshot-2025-02-14-at-13.33.44-300x71.png 300w, https:\/\/stido.lt\/wp-content\/uploads\/2025\/02\/Screenshot-2025-02-14-at-13.33.44-768x181.png 768w, https:\/\/stido.lt\/wp-content\/uploads\/2025\/02\/Screenshot-2025-02-14-at-13.33.44-600x142.png 600w, https:\/\/stido.lt\/wp-content\/uploads\/2025\/02\/Screenshot-2025-02-14-at-13.33.44.png 1168w\" sizes=\"(max-width: 1024px) 100vw, 1024px\" \/><\/figure>\n\n\n\n<h2 class=\"wp-block-heading\"><strong>Projekto pavadinimas: UAB Stido netechnologin\u0117s inovacijos<\/strong><\/h2>\n\n\n\n<h2 class=\"wp-block-heading\"><strong>Projekto kodas: 02-040-K-0374<\/strong><\/h2>\n\n\n\n<p><strong>Tinkam\u0173 finansuoti i\u0161laid\u0173 vert\u0117<\/strong>: 262.946 EUR<\/p>\n\n\n\n<p><strong>Finansavimo suma:<\/strong> 124.075 EUR<\/p>\n\n\n\n<p><strong>Projekto tikslas<\/strong>: 1) Sukurti ir \u012f rink\u0105 \u012fdiegti naujus gamini\u0173 dizainus, taip didinant \u012fmon\u0117s eksporto apimtis. 2) \u012emon\u0117je \u012fdiegti proceso\/organizacines inovacijas, taip didinant \u012fmon\u0117s \u012fsitraukim\u0105 \u012f tarptautin\u0117s vert\u0117s grandines.<\/p>\n\n\n\n<p>Projekto metu bus vykdomos trys veiklos:&nbsp;<\/p>\n\n\n\n<p>1. \u012emon\u0117s nauj\u0173 produkt\u0173 dizain\u0173 suk\u016brimo ir diegimas, kurios metu bus sukurtos 2 \u012fmon\u0117s gaminam\u0173 produkt\u0173 linij\u0173 dizaino koncepcijas, kuriuos pagaminus jie b\u016bt\u0173 patraukl\u016bs vartotojams ir pad\u0117t\u0173 \u012fmonei padidinti pardavimo (\u012fskaitant eksporto) pajamas, peln\u0105 ir darbo na\u0161um\u0105.&nbsp;<\/p>\n\n\n\n<p>2. Proceso inovacij\u0173 diegimas &#8211; \u012fmon\u0117 planuoja \u012fsidiegti reik\u0161mingai patobulintas paslaugas, kurios apima naujus ar patobulintos produkcijos gamybos metodus.&nbsp;<\/p>\n\n\n\n<p>3. Organizacini\u0173 inovacij\u0173 diegimas, t.y. nauj\u0173 organizacini\u0173 metod\u0173 taikymas \u012fmon\u0117s lygmeniu (didinant organizacijos efektyvum\u0105 organizuojant darbus ar \u012fgyvendinant organizacijos pl\u0117tr\u0105.<\/p>\n\n\n\n<p>Projekto veikl\u0173 \u012fgyvendinimo prad\u017eia: 2024-11-15<\/p>\n\n\n\n<p>Projekto veikl\u0173 \u012fgyvendinimo pabaiga: 2026-05-15<\/p>\n\n\n\n<p>Projekto vykdytojas: UAB Stido<\/p>\n\n\n\n<p>Projekt\u0105 bendrai finansuoja Europos S\u0105junga<\/p>\n\n\n\n<p>Daugiau informacijos www.esinvesticijos.lt<\/p>\n\n\n\n<p><\/p>\n\n\n\n<p><\/p>\n\n\n\n<p><strong>PROJEKTO \u201eINOVATYVIOS KOMPOZITIN\u0116S MED\u017dIAGOS IR JOS GAMYBOS TECHNOLOGIJOS SUK\u016aRIMAS UAB STIDO\u201c \u012eGYVENDINIMAS<\/strong><\/p>\n\n\n\n<p><\/p>\n\n\n\n<p>Nr. 02-019-K-0006<\/p>\n\n\n\n<figure class=\"wp-block-image size-full\"><img decoding=\"async\" width=\"363\" height=\"329\" src=\"https:\/\/stido.lt\/wp-content\/uploads\/2024\/07\/image.png\" alt=\"\" class=\"wp-image-833\" srcset=\"https:\/\/stido.lt\/wp-content\/uploads\/2024\/07\/image.png 363w, https:\/\/stido.lt\/wp-content\/uploads\/2024\/07\/image-300x272.png 300w\" sizes=\"(max-width: 363px) 100vw, 363px\" \/><\/figure>\n\n\n\n<p>UAB \u201eStido\u201c \u012fmon\u0117 pagal 2021-2027 met\u0173 Europos S\u0105jungos fond\u0173 investicij\u0173 program\u0105 \u012fgyvendin\u0105 projekt\u0105 \u201eInovatyvios kompozitin\u0117s med\u017eiagos ir jos gamybos technologijos suk\u016brimas UAB Stido\u201c. &nbsp;<\/p>\n\n\n\n<figure class=\"wp-block-table\"><table><tbody><tr><td><strong>Projekto trukm\u0117<\/strong><\/td><td><strong>Projekto vert\u0117<\/strong><\/td><td><strong>ES finansavimas<\/strong><\/td><\/tr><tr><td>06\/2024 \u2013 06\/2026<\/td><td>513 354,09 EUR<\/td><td>327 837,43EUR<\/td><\/tr><\/tbody><\/table><\/figure>\n\n\n\n<p><strong>Projektas finansuojamas i\u0161 Europos regionin\u0117s pl\u0117tros fondo l\u0117\u0161\u0173.<\/strong><\/p>\n\n\n\n<p>Projektas skirtas i\u0161lengvintos kompozitin\u0117s polimerin\u0117s med\u017eiagos (FRC) ir jos gamybos technologijos suk\u016brimui. Projekto metu bus vykdomos mokslini\u0173 tyrim\u0173 ir eksperimentin\u0117s pl\u0117tros veiklos<\/p>\n\n\n\n<p>Kompozitin\u0117s med\u017eiagos svorio ma\u017e\u0117jimas bus pasiektas ma\u017einant epoksidin\u0117s ri\u0161amosios med\u017eiagos tank\u012f ir klampum\u0105. Tuo pa\u010diu naujai sukurta kompozitin\u0117 med\u017eiaga d\u0117l suma\u017e\u0117jusio epoksidin\u0117s dervos poreikio bus ekologi\u0161kesn\u0117 u\u017e tradiciniu b\u016bdu pagamint\u0105 med\u017eiag\u0105.&nbsp;<\/p>\n\n\n\n<p>\u012egyvendinus projekte numatytas MTEP veiklas bus sukurti 2 produktai:&nbsp;<\/p>\n\n\n\n<p>1. i\u0161lengvintos kompozitin\u0117s med\u017eiagos gamybos technologija&nbsp;<\/p>\n\n\n\n<p>2. i\u0161lengvinta kompozitin\u0117 med\u017eiaga&nbsp;<\/p>\n\n\n\n<p>Mokslini\u0173 \u0161altini\u0173 analiz\u0117 parod\u0117, kad PSP i\u0161lengvinimas yra ypatingai aktualus \u0161i\u0173 dien\u0173 pramonei ne vien d\u0117l to, kad lemia patogesn\u012f montavim\u0105 ir naudojim\u0105, bet ir gali \u017eenkliai prisid\u0117ti prie ekonomi\u0161kumo ir ekologi\u0161kumo, pavyzd\u017eiui, yra paskai\u010diuota, kad suma\u017einus automobilio svor\u012f 10%, degal\u0173 s\u0105naudos suma\u017e\u0117ja ma\u017edaug 4\u20137%, o orlaivio atveju \u0161ios s\u0105naudos suma\u017e\u0117ja net iki 7,5%.<\/p>\n\n\n\n<p>Projekto tikslas: modifikuojant kompozitin\u0117s med\u017eiagos gamybos technologin\u012f proces\u0105, suma\u017einti gaminamos kompozitin\u0117s med\u017eiagos svor\u012f ir taip i\u0161pl\u0117sti jos panaudojimo galimybes.<\/p>\n\n\n\n<figure class=\"wp-block-image size-full\"><img decoding=\"async\" width=\"574\" height=\"277\" src=\"https:\/\/stido.lt\/wp-content\/uploads\/2022\/11\/eusupport.png\" alt=\"\" class=\"wp-image-548\" srcset=\"https:\/\/stido.lt\/wp-content\/uploads\/2022\/11\/eusupport.png 574w, https:\/\/stido.lt\/wp-content\/uploads\/2022\/11\/eusupport-300x145.png 300w\" sizes=\"(max-width: 574px) 100vw, 574px\" \/><\/figure>\n\n\n\n<p><strong>UAB Stido e. komercijos modelio diegimas<\/strong><\/p>\n\n\n\n<p><strong>Nr. 13.1.1-LVPA-K-860-01-0929<\/strong><\/p>\n\n\n\n<p><strong>Priemon\u0117: <\/strong>13.1.1-LVPA-K-860 E. komercijos modelis COVID-19<\/p>\n\n\n\n<p><strong>Projekto vert\u0117: <\/strong>46.584 EUR<\/p>\n\n\n\n<p><strong>Skirtas finansavimas: <\/strong>34.938 EUR<\/p>\n\n\n\n<p>\u0160iuo projekto \u012fmon\u0117 vystys el. prekybos sistem\u0105, leid\u017eian\u010di\u0105 prekiauti \u012fmon\u0117s gaminamais gaminiais ir efektyviau parduoti u\u017esakomosios gamybos paslaugas.<\/p>\n\n\n\n<p>Masinei auditorijai (b2c) pritaikyta el. parduotuv\u0117 apims vis\u0105 el. prekybos proces\u0105 (u\u017esakymo suformavim\u0105, u\u017esakymo apmok\u0117jim\u0105, siuntos informacijos registravim\u0105 siunt\u0173 gabenimo \u012fmon\u0117se ir kt.). U\u017esakomajai gamybai pritaikyta el. parduotuv\u0117 (parduotuv\u0117s dalis leis vykdyti u\u017esakomosios gamybos prekyb\u0105 didmena.<\/p>\n\n\n\n<p>IT sprendimas bus kuriamas pasitelkiant i\u0161or\u0117s IT kompanij\u0105.<\/p>\n\n\n\n<p>Projekto \u012fgyvendinimo trukm\u0117 &#8211; 12 m\u0117n.<\/p>\n\n\n\n<p>Projektas finansuojamas i\u0161 Europos regionin\u0117s pl\u0117tros fondo ir vykdomas pagal Lietuvos 2014\u20132020 met\u0173 Europos S\u0105jungos fond\u0173 investicij\u0173 veiksm\u0173 programos 13 prioriteto \u201eVeiksm\u0173, skirt\u0173 COVID-19 pandemijos sukeltai krizei \u012fveikti, skatinimas ir pasirengimas aplink\u0105 tausojan\u010diam, skaitmeniniam ir tvariam ekonomikos atsigavimui\u201c priemon\u0119 Nr. 13.1.1-LVPA-K-860 \u201eE. komercijos modelis COVID-19\u201c, kaip Europos S\u0105jungos atsakas \u012f COVID-19 pandemij\u0105.<\/p>\n\n\n\n<p>Projekto vykdytojas:<\/p>\n\n\n\n<p><strong>UAB Stido<\/strong><\/p>\n","protected":false},"excerpt":{"rendered":"<p>Project name: UAB Stido Non-technological Innovations Project code: 02-040-K-0374 Value of eligible costs: EUR 262.946 Amount of funding: EUR 124.075 Objective of the project: 1) To develop and market new product designs, thereby increasing the company&#8217;s export volumes. 2) To introduce process\/organisational innovations in the company, thereby increasing the company&#8217;s involvement in international value chains. [&hellip;]<\/p>\n","protected":false},"author":1,"featured_media":0,"parent":0,"menu_order":0,"comment_status":"closed","ping_status":"closed","template":"page-simple.php","meta":{"_acf_changed":false,"footnotes":""},"class_list":["post-721","page","type-page","status-publish","hentry"],"acf":[],"_links":{"self":[{"href":"https:\/\/stido.lt\/lt\/wp-json\/wp\/v2\/pages\/721","targetHints":{"allow":["GET"]}}],"collection":[{"href":"https:\/\/stido.lt\/lt\/wp-json\/wp\/v2\/pages"}],"about":[{"href":"https:\/\/stido.lt\/lt\/wp-json\/wp\/v2\/types\/page"}],"author":[{"embeddable":true,"href":"https:\/\/stido.lt\/lt\/wp-json\/wp\/v2\/users\/1"}],"replies":[{"embeddable":true,"href":"https:\/\/stido.lt\/lt\/wp-json\/wp\/v2\/comments?post=721"}],"version-history":[{"count":4,"href":"https:\/\/stido.lt\/lt\/wp-json\/wp\/v2\/pages\/721\/revisions"}],"predecessor-version":[{"id":864,"href":"https:\/\/stido.lt\/lt\/wp-json\/wp\/v2\/pages\/721\/revisions\/864"}],"wp:attachment":[{"href":"https:\/\/stido.lt\/lt\/wp-json\/wp\/v2\/media?parent=721"}],"curies":[{"name":"wp","href":"https:\/\/api.w.org\/{rel}","templated":true}]}}