{"id":723,"date":"2022-10-10T09:24:37","date_gmt":"2022-10-10T09:24:37","guid":{"rendered":"https:\/\/stido.lt\/terms-and-conditions\/"},"modified":"2024-03-28T17:26:17","modified_gmt":"2024-03-28T17:26:17","slug":"terminai-ir-salygos","status":"publish","type":"page","link":"https:\/\/stido.lt\/lt\/terminai-ir-salygos\/","title":{"rendered":"Terminai ir s\u0105lygos"},"content":{"rendered":"\n<p>Galimyb\u0117 gr\u0105\u017einti prekes ar atgauti pinigus u\u017e paslaugas galioja 30 dien\u0173. Jei nuo apmok\u0117jimo pra\u0117jo 30 dien\u0173, negalime jums gr\u0105\u017einti pinig\u0173 arba pakeisti prek\u0117s.<\/p>\n\n\n\n<p>Kad prek\u0119 b\u016bt\u0173 galima gr\u0105\u017einti, ji turi b\u016bti nenaudota ir tokios pat b\u016bkl\u0117s, kokios j\u0105 gavote. Ji taip pat turi b\u016bti originalioje pakuot\u0117je.<\/p>\n\n\n\n<p>Papildomos negr\u0105\u017einamos prek\u0117s:<\/p>\n\n\n\n<ul class=\"wp-block-list\">\n<li>Dovan\u0173 kortel\u0117s<\/li>\n\n\n\n<li>Atsisiun\u010diami programin\u0117s \u012frangos produktai<\/li>\n\n\n\n<li>Kai kurios sveikatos ir asmens higienos prek\u0117s<\/li>\n<\/ul>\n\n\n\n<p>Nor\u0117dami gr\u0105\u017einti prekes, reikalaujame pateikti pirkimo \u010dek\u012f arba pirkim\u0105 patvirtinant\u012f dokument\u0105.<\/p>\n\n\n\n<p>Nesi\u0173skite pirkinio atgal gamintojui.<\/p>\n\n\n\n<p>Tam tikrais atvejais gr\u0105\u017einama tik dalis pinig\u0173:<\/p>\n\n\n\n<ul class=\"wp-block-list\">\n<li>Knyga su akivaizd\u017eiais naudojimo po\u017eymiais<\/li>\n\n\n\n<li>CD, DVD, VHS kaset\u0117, programin\u0117 \u012franga, vaizdo \u017eaidimas, kaset\u0117 ar vinilin\u0117 plok\u0161tel\u0117, kuri buvo atidaryta.<\/li>\n\n\n\n<li>Bet koks daiktas, kuris n\u0117ra originalios b\u016bkl\u0117s, yra sugadintas arba jam tr\u016bksta dali\u0173 ne d\u0117l m\u016bs\u0173 klaidos.<\/li>\n\n\n\n<li>Bet koks daiktas, kuris gr\u0105\u017einamas pra\u0117jus daugiau nei 30 dien\u0173 nuo pristatymo.<\/li>\n<\/ul>\n\n\n\n<p><strong>Pinig\u0173 gr\u0105\u017einimas<\/strong><\/p>\n\n\n\n<p>Gav\u0119 ir patikrin\u0119 j\u016bs\u0173 gr\u0105\u017einam\u0105 prek\u0119, i\u0161si\u0173sime jums el. lai\u0161k\u0105, kuriuo informuosime, kad gr\u0105\u017einam\u0105 prek\u0119 gavome. Taip pat informuosime jus apie pinig\u0173 gr\u0105\u017einimo patvirtinim\u0105 arba atmetim\u0105.<\/p>\n\n\n\n<p>Jei j\u016bs\u0173 pra\u0161ymas bus patenkintas, per tam tikr\u0105 dien\u0173 skai\u010di\u0173 bus atliktas pinig\u0173 gr\u0105\u017einimas ir kreditas bus automati\u0161kai pervestas \u012f j\u016bs\u0173 kredito kortel\u0119 arba pradin\u012f mok\u0117jimo b\u016bd\u0105.<\/p>\n\n\n\n<p><b>V\u0117luojantys ar nepavyk\u0119 gr\u0105\u017einimai<\/b><\/p>\n\n\n\n<p>Jei kompensacijos dar negavote, pirmiausia dar kart\u0105 patikrinkite savo banko s\u0105skait\u0105.<\/p>\n\n\n\n<p>Tada kreipkit\u0117s \u012f kredito kortel\u0117s bendrov\u0119, nes gali praeiti \u0161iek tiek laiko, kol gr\u0105\u017einimas bus oficialiai pervestas.<\/p>\n\n\n\n<p>Tada kreipkit\u0117s \u012f savo bank\u0105. Da\u017enai praeina \u0161iek tiek laiko, kol gr\u0105\u017einamos l\u0117\u0161os bus pervestos \u012f s\u0105skait\u0105.<\/p>\n\n\n\n<p>Jei atlikote visus \u0161iuos veiksmus ir vis dar negavote kompensacijos, susisiekite su mumis adresu info@stido.lt<\/p>\n\n\n\n<p><b>Parduodamos prek\u0117s<\/b><\/p>\n\n\n\n<p>Gr\u0105\u017einami tik \u012fprastos kainos daiktai. U\u017e i\u0161pardavimo prekes pinigai negr\u0105\u017einami.<\/p>\n\n\n\n<p><strong>Keitimai<\/strong><\/p>\n\n\n\n<p>Prekes kei\u010diame tik tuo atveju, jei jos yra sugedusios arba pa\u017eeistos. Jei norite pakeisti prek\u0119 \u012f toki\u0105 pa\u010di\u0105, ra\u0161ykite mums el. pa\u0161tu {pa\u0161to adresas} ir si\u0173skite prek\u0119 adresu: Si\u0173skite siunt\u0105: {fizinis adresas}.<\/p>\n\n\n\n<p><strong>Dovanos<\/strong><\/p>\n\n\n\n<p>Jei perkant prek\u0119 ir siun\u010diant tiesiai jums ji buvo pa\u017eym\u0117ta kaip dovana, gausite dovan\u0173 kredit\u0105, atitinkant\u012f gr\u0105\u017einamos prek\u0117s vert\u0119. Gavus gr\u0105\u017eint\u0105 prek\u0119, dovan\u0173 kuponas bus i\u0161si\u0173stas jums pa\u0161tu.<\/p>\n\n\n\n<p>Jei perkant prek\u0119 nebuvo pa\u017eym\u0117ta, kad ji skirta dovanai, arba jei dovanos dav\u0117jas u\u017esakym\u0105 i\u0161siunt\u0117 sau, kad v\u0117liau atiduot\u0173 jums, gr\u0105\u017einsime pinigus dovanos dav\u0117jui ir jis su\u017einos apie j\u016bs\u0173 gr\u0105\u017einim\u0105.<\/p>\n\n\n\n<p><strong>Gr\u0105\u017einam\u0173 preki\u0173 i\u0161siuntimas<\/strong><\/p>\n\n\n\n<p>Nor\u0117dami gr\u0105\u017einti gamin\u012f, tur\u0117tum\u0117te si\u0173sti gamin\u012f adresu: Si\u0173skite gr\u0105\u017einam\u0105 prek\u0119: {fizinis adresas}.<\/p>\n\n\n\n<p>J\u016bs b\u016bsite atsakingi u\u017e tai, kad patys apmok\u0117tum\u0117te siuntimo i\u0161laidas, susijusias su prek\u0117s gr\u0105\u017einimu. Siuntimo i\u0161laidos negr\u0105\u017einamos. Jei jums bus gr\u0105\u017einti pinigai, gr\u0105\u017einimo siuntimo i\u0161laidos bus i\u0161skai\u010diuotos i\u0161 gr\u0105\u017einamos sumos.<\/p>\n\n\n\n<p>Priklausomai nuo to, kur gyvenate, gali prireikti skirtingo laiko, kol jus pasieks pakeistas produktas.<\/p>\n\n\n\n<p>Jei gr\u0105\u017einate brangesnius daiktus, galite apsvarstyti galimyb\u0119 naudotis sekimo paslaugomis arba \u012fsigyti siuntimo draudim\u0105. Negarantuojame, kad gausime j\u016bs\u0173 gr\u0105\u017einam\u0105 prek\u0119.<\/p>\n\n\n\n<p><strong>Reikia pagalbos?<\/strong><\/p>\n\n\n\n<p>Susisiekite su mumis adresu info@stido.lt, jei turite klausim\u0173, susijusi\u0173 su pinig\u0173 gr\u0105\u017einimu ir gr\u0105\u017einimu.<\/p>\n","protected":false},"excerpt":{"rendered":"<p>Galimyb\u0117 gr\u0105\u017einti prekes ar atgauti pinigus u\u017e paslaugas galioja 30 dien\u0173. Jei nuo apmok\u0117jimo pra\u0117jo 30 dien\u0173, negalime jums gr\u0105\u017einti pinig\u0173 arba pakeisti prek\u0117s. Kad prek\u0119 b\u016bt\u0173 galima gr\u0105\u017einti, ji turi b\u016bti nenaudota ir tokios pat b\u016bkl\u0117s, kokios j\u0105 gavote. Ji taip pat turi b\u016bti originalioje pakuot\u0117je. Papildomos negr\u0105\u017einamos prek\u0117s: Nor\u0117dami gr\u0105\u017einti prekes, reikalaujame pateikti [&hellip;]<\/p>\n","protected":false},"author":1,"featured_media":0,"parent":0,"menu_order":0,"comment_status":"closed","ping_status":"closed","template":"page-simple.php","meta":{"_acf_changed":false,"footnotes":""},"class_list":["post-723","page","type-page","status-publish","hentry"],"acf":[],"_links":{"self":[{"href":"https:\/\/stido.lt\/lt\/wp-json\/wp\/v2\/pages\/723","targetHints":{"allow":["GET"]}}],"collection":[{"href":"https:\/\/stido.lt\/lt\/wp-json\/wp\/v2\/pages"}],"about":[{"href":"https:\/\/stido.lt\/lt\/wp-json\/wp\/v2\/types\/page"}],"author":[{"embeddable":true,"href":"https:\/\/stido.lt\/lt\/wp-json\/wp\/v2\/users\/1"}],"replies":[{"embeddable":true,"href":"https:\/\/stido.lt\/lt\/wp-json\/wp\/v2\/comments?post=723"}],"version-history":[{"count":2,"href":"https:\/\/stido.lt\/lt\/wp-json\/wp\/v2\/pages\/723\/revisions"}],"predecessor-version":[{"id":754,"href":"https:\/\/stido.lt\/lt\/wp-json\/wp\/v2\/pages\/723\/revisions\/754"}],"wp:attachment":[{"href":"https:\/\/stido.lt\/lt\/wp-json\/wp\/v2\/media?parent=723"}],"curies":[{"name":"wp","href":"https:\/\/api.w.org\/{rel}","templated":true}]}}