{"id":728,"date":"2022-08-14T23:11:30","date_gmt":"2022-08-14T23:11:30","guid":{"rendered":"https:\/\/stido.lt\/contacts\/"},"modified":"2025-01-15T22:33:47","modified_gmt":"2025-01-15T22:33:47","slug":"kontaktai","status":"publish","type":"page","link":"https:\/\/stido.lt\/lt\/kontaktai\/","title":{"rendered":"Kontaktai"},"content":{"rendered":"\r\n<section id=\"contact-us-section-block_9598c260d04d21f6d8f99fb7db6f262c\" class=\"contact-us-section\">\r\n\t<div class=\"container\">\r\n    <div class=\"inner-contacts-wrapper\">\r\n      <div class=\"contacts-content\">\r\n        <h1 class=\"page-title\">Kontaktai<\/h1>\r\n        <div class=\"contacts-content-wrapper\">\r\n                      <div class=\"styled-header-wrapper\">\r\n              <h2 class=\"section-header styled-header\">Adresas ir kontaktin\u0117 informacija<\/h2>\r\n                              <img decoding=\"async\" width=\"267\" height=\"219\" src=\"https:\/\/stido.lt\/wp-content\/uploads\/2022\/08\/triangle_object-e1660880079691.webp\" class=\"header-image\" alt=\"\" \/>                          <\/div>\r\n                    <p>Pagrindin\u0117 b\u016bstin\u0117 ir gamybos vieta:<\/p>\n<p>UAB Stido<br \/>\nAdresas: Verslinink\u0173 g. 23, Taur\u0173 k.<br \/>\nLT-72116, Taurag\u0117s rajonas<br \/>\nLietuva<br \/>\nT.: +370 655 02044<br \/>\nE.: jdo@stido.lt<\/p>\n<p>\u012emon\u0117s kodas: 304933904<br \/>\nPVM kodas: LT100011988912<\/p>\n<p>Banko s\u0105skaita: LT29 7044 0901 0287 5431<br \/>\nBankas: AB SEB bank<br \/>\nBanko kodas: 70440<\/p>\n              <div class=\"address-wrapper \">\r\n      <ul class=\"address-list\">\r\n<!--                  <li class=\"address-item phone-item\">\r\n            <a href=\"tel:<?\/*= $phone; *\/?>\">\r\n              <span class=\"icon\"><?\/*= file_get_contents( get_template_directory_uri() . '\/images\/phone_icon.svg' ); *\/?><\/span>\r\n              <span class=\"text\"><?\/*= $phone; *\/?><\/span>\r\n            <\/a>\r\n          <\/li>\r\n        -->                  <li class=\"address-item email-item\">\r\n            <a href=\"mailto:jdo@stido.lt\">\r\n              <span class=\"icon\"><?xml version=\"1.0\" ?><svg viewBox=\"0 0 32 32\" xmlns=\"http:\/\/www.w3.org\/2000\/svg\"><title\/><g data-name=\"24-Email\" id=\"_24-Email\"><path d=\"M31.59,11.19,27,7.83V5a1,1,0,0,0-1-1H21.78L16.59.19a1,1,0,0,0-1.18,0L10.22,4H6A1,1,0,0,0,5,5V7.83L.41,11.19A1,1,0,0,0,0,12V29a3,3,0,0,0,3,3H29a3,3,0,0,0,3-3V12A1,1,0,0,0,31.59,11.19ZM27,10.31l2.2,1.61L27,13.23ZM16,2.24,18.4,4H13.6ZM7,6H25v8.43l-9,5.4-9-5.4ZM5,10.31v2.93L2.8,11.92ZM30,29a1,1,0,0,1-1,1H3a1,1,0,0,1-1-1V13.77l13.49,8.09a1,1,0,0,0,1,0L30,13.77Z\"\/><\/g><\/svg><\/span>\r\n              <span class=\"text\">jdo@stido.lt<\/span>\r\n            <\/a>\r\n          <\/li>\r\n              <\/ul>\r\n    <\/div>\r\n          <\/div>\r\n      <\/div>\r\n\r\n              <div class=\"contacts-wrapper\">\r\n\r\n                      <div class=\"map-wrapper grayscaled\">\r\n              <iframe src=\"https:\/\/www.google.com\/maps\/embed?pb=!1m18!1m12!1m3!1d2274.188165120985!2d22.24984303509969!3d55.24991891780114!2m3!1f0!2f0!3f0!3m2!1i1024!2i768!4f13.1!3m3!1m2!1s0x46e43e3bc9b00add%3A0x45e3cea3b053ce5d!2sVerslinink%C5%B3%20g.%2023%2C%20Taurai%2072113!5e0!3m2!1sen!2slt!4v1667451333663!5m2!1sen!2slt\" width=\"600\" height=\"450\" style=\"border:0;\" allowfullscreen=\"\" loading=\"lazy\" referrerpolicy=\"no-referrer-when-downgrade\"><\/iframe>            <\/div>\r\n          \r\n          <address class=\"address\">Verslinink\u0173 st. 23, Taur\u0173 k., Lt-72116, Taurag\u0117s r.<\/address>\r\n        <\/div>\r\n            <\/div>\r\n\r\n\t<\/div>\r\n<\/section>\r\n\n\n\r\n<section id=\"contact-us-form-block_8df2f27cbb546b976ba260dc52ab1819\" class=\"contact-us-form contactformsection\">\r\n\t<div class=\"container\">\r\n        <div class=\"contactformsection-wrapper\">\r\n            <h2 class=\"section-title heading-1\">Susisiekite su mumis<\/h2>\r\n            <div class=\"contacts-content-wrapper\">\r\n                \n<div class=\"wpcf7 no-js\" id=\"wpcf7-f744-o1\" lang=\"en-US\" dir=\"ltr\" data-wpcf7-id=\"744\">\n<div class=\"screen-reader-response\"><p role=\"status\" aria-live=\"polite\" aria-atomic=\"true\"><\/p> <ul><\/ul><\/div>\n<form action=\"\/lt\/wp-json\/wp\/v2\/pages\/728#wpcf7-f744-o1\" method=\"post\" class=\"wpcf7-form init\" aria-label=\"Contact form\" novalidate=\"novalidate\" data-status=\"init\">\n<fieldset class=\"hidden-fields-container\"><input type=\"hidden\" name=\"_wpcf7\" value=\"744\" \/><input type=\"hidden\" name=\"_wpcf7_version\" value=\"6.1.5\" \/><input type=\"hidden\" name=\"_wpcf7_locale\" value=\"en_US\" \/><input type=\"hidden\" name=\"_wpcf7_unit_tag\" value=\"wpcf7-f744-o1\" \/><input type=\"hidden\" name=\"_wpcf7_container_post\" value=\"0\" \/><input type=\"hidden\" name=\"_wpcf7_posted_data_hash\" value=\"\" \/><input type=\"hidden\" name=\"_wpcf7_recaptcha_response\" value=\"\" \/>\n<\/fieldset>\n<div class=\"formcontecter\">\n\t<div class=\"contacter-input\">\n\t\t<p><span class=\"wpcf7-form-control-wrap\" data-name=\"your-name\"><input size=\"40\" maxlength=\"400\" class=\"wpcf7-form-control wpcf7-text wpcf7-validates-as-required\" aria-required=\"true\" aria-invalid=\"false\" placeholder=\"Vardas\" value=\"\" type=\"text\" name=\"your-name\" \/><\/span>\n\t\t<\/p>\n\t<\/div>\n\t<div class=\"contacter-input\">\n\t\t<p><span class=\"wpcf7-form-control-wrap\" data-name=\"your-email\"><input size=\"40\" maxlength=\"400\" class=\"wpcf7-form-control wpcf7-email wpcf7-validates-as-required wpcf7-text wpcf7-validates-as-email\" aria-required=\"true\" aria-invalid=\"false\" placeholder=\"El. pa\u0161tas\" value=\"\" type=\"email\" name=\"your-email\" \/><\/span>\n\t\t<\/p>\n\t<\/div>\n\t<div class=\"contacter-input\">\n\t\t<p><span class=\"wpcf7-form-control-wrap\" data-name=\"your-phone\"><input size=\"40\" maxlength=\"400\" class=\"wpcf7-form-control wpcf7-text\" aria-invalid=\"false\" placeholder=\"Teelefonas\" value=\"\" type=\"text\" name=\"your-phone\" \/><\/span>\n\t\t<\/p>\n\t<\/div>\n\t<div class=\"contacter-input\">\n\t\t<p><span class=\"wpcf7-form-control-wrap\" data-name=\"your-message\"><textarea cols=\"40\" rows=\"10\" maxlength=\"2000\" class=\"wpcf7-form-control wpcf7-textarea\" aria-invalid=\"false\" placeholder=\"\u017dinut\u0117\" name=\"your-message\"><\/textarea><\/span>\n\t\t<\/p>\n\t<\/div>\n\t<div class=\"contacter-sender\">\n\t\t<p><input class=\"wpcf7-form-control wpcf7-submit has-spinner\" type=\"submit\" value=\"Si\u0173sti\" \/>\n\t\t<\/p>\n\t<\/div>\n<\/div><div class=\"wpcf7-response-output\" aria-hidden=\"true\"><\/div>\n<\/form>\n<\/div>\n            <\/div>\r\n        <\/div>\r\n    <\/div>\r\n<\/section>\r\n\r\n\n\n\r\n  <section id=\"trust-us-section-block_c991921ef656670d883332b19ade4eab\" class=\"trust-us-section\">\r\n    <div class=\"trust-us-wrapper\">\r\n      <div class=\"container\">\r\n        <div class=\"trust-us-content\">\r\n                      <h2 class=\"section-title heading-1\">Mumis pasitiki<\/h2>\r\n          \r\n          <div class=\"trust-us-companies-list\">\r\n\r\n              \r\n                  <div class=\"trust-us-company-item image-wrapper\">\r\n                      <img decoding=\"async\" width=\"300\" height=\"37\" src=\"https:\/\/stido.lt\/wp-content\/uploads\/2022\/11\/CarlsenBaltic-logo-e1667395049932.png\" class=\"attachment-default size-default wp-post-image\" alt=\"\" \/>                  <\/div>\r\n              \r\n                  <div class=\"trust-us-company-item image-wrapper\">\r\n                      <img decoding=\"async\" width=\"300\" height=\"54\" src=\"https:\/\/stido.lt\/wp-content\/uploads\/2022\/11\/AltasAuto-logo-final.png\" class=\"attachment-default size-default wp-post-image\" alt=\"\" \/>                  <\/div>\r\n              \r\n                  <div class=\"trust-us-company-item image-wrapper\">\r\n                      <img decoding=\"async\" width=\"200\" height=\"77\" src=\"https:\/\/stido.lt\/wp-content\/uploads\/2022\/11\/Ullman-logo-e1667393067456.png\" class=\"attachment-default size-default wp-post-image\" alt=\"\" \/>                  <\/div>\r\n              \r\n                  <div class=\"trust-us-company-item image-wrapper\">\r\n                      <img decoding=\"async\" width=\"300\" height=\"55\" src=\"https:\/\/stido.lt\/wp-content\/uploads\/2022\/11\/CSUB-logo.png\" class=\"attachment-default size-default wp-post-image\" alt=\"\" \/>                  <\/div>\r\n              \r\n                  <div class=\"trust-us-company-item image-wrapper\">\r\n                      <img decoding=\"async\" width=\"200\" height=\"89\" src=\"https:\/\/stido.lt\/wp-content\/uploads\/2022\/11\/CTS-e1667393124369.png\" class=\"attachment-default size-default wp-post-image\" alt=\"\" \/>                  <\/div>\r\n              \r\n                  <div class=\"trust-us-company-item image-wrapper\">\r\n                      <img decoding=\"async\" width=\"100\" height=\"91\" src=\"https:\/\/stido.lt\/wp-content\/uploads\/2022\/11\/Marex-logo-e1667393288886.png\" class=\"attachment-default size-default wp-post-image\" alt=\"\" \/>                  <\/div>\r\n              \r\n                  <div class=\"trust-us-company-item image-wrapper\">\r\n                      <img decoding=\"async\" width=\"250\" height=\"53\" src=\"https:\/\/stido.lt\/wp-content\/uploads\/2022\/11\/ryterna-logo-e1667393465373.png\" class=\"attachment-default size-default wp-post-image\" alt=\"\" \/>                  <\/div>\r\n              \r\n                  <div class=\"trust-us-company-item image-wrapper\">\r\n                      <img decoding=\"async\" width=\"200\" height=\"115\" src=\"https:\/\/stido.lt\/wp-content\/uploads\/2022\/11\/freor-logo-e1667393750887.png\" class=\"attachment-default size-default wp-post-image\" alt=\"\" \/>                  <\/div>\r\n              \r\n                  <div class=\"trust-us-company-item image-wrapper\">\r\n                      <img decoding=\"async\" width=\"198\" height=\"96\" src=\"https:\/\/stido.lt\/wp-content\/uploads\/2022\/11\/profilex-logo-e1667395210359.png\" class=\"attachment-default size-default wp-post-image\" alt=\"\" \/>                  <\/div>\r\n              \r\n\r\n<!--                          <div class=\"trust-us-company-item image-wrapper\">\r\n                <?\/*= wp_get_attachment_image( $company['logo'], 'default', '', ['class' => 'grayscaled'] ); *\/?>\r\n              <\/div>\r\n            -->          <\/div>\r\n        <\/div>\r\n      <\/div>\r\n    <\/div>\r\n  <\/section>\r\n","protected":false},"excerpt":{"rendered":"","protected":false},"author":1,"featured_media":0,"parent":0,"menu_order":0,"comment_status":"closed","ping_status":"closed","template":"","meta":{"_acf_changed":false,"footnotes":""},"class_list":["post-728","page","type-page","status-publish","hentry"],"acf":[],"_links":{"self":[{"href":"https:\/\/stido.lt\/lt\/wp-json\/wp\/v2\/pages\/728","targetHints":{"allow":["GET"]}}],"collection":[{"href":"https:\/\/stido.lt\/lt\/wp-json\/wp\/v2\/pages"}],"about":[{"href":"https:\/\/stido.lt\/lt\/wp-json\/wp\/v2\/types\/page"}],"author":[{"embeddable":true,"href":"https:\/\/stido.lt\/lt\/wp-json\/wp\/v2\/users\/1"}],"replies":[{"embeddable":true,"href":"https:\/\/stido.lt\/lt\/wp-json\/wp\/v2\/comments?post=728"}],"version-history":[{"count":6,"href":"https:\/\/stido.lt\/lt\/wp-json\/wp\/v2\/pages\/728\/revisions"}],"predecessor-version":[{"id":845,"href":"https:\/\/stido.lt\/lt\/wp-json\/wp\/v2\/pages\/728\/revisions\/845"}],"wp:attachment":[{"href":"https:\/\/stido.lt\/lt\/wp-json\/wp\/v2\/media?parent=728"}],"curies":[{"name":"wp","href":"https:\/\/api.w.org\/{rel}","templated":true}]}}