{"id":729,"date":"2022-08-12T20:17:07","date_gmt":"2022-08-12T20:17:07","guid":{"rendered":"https:\/\/stido.lt\/services\/"},"modified":"2024-03-28T17:30:47","modified_gmt":"2024-03-28T17:30:47","slug":"paslaugos","status":"publish","type":"page","link":"https:\/\/stido.lt\/lt\/paslaugos\/","title":{"rendered":"Paslaugos"},"content":{"rendered":"  <section id=\"services-section-block_1cc4f2129aedb1aad8231bbc74c4a5dc\" class=\"services-section has-header-image header-image-right\">\r\n    <div class=\"container\">\r\n      <div class=\"services-wrapper\">\r\n                  <div class=\"section-header-with-image-wrapper\">\r\n            <h2 class=\"section-title heading-1\">Paslaugos<\/h2>\r\n                          <img decoding=\"async\" width=\"267\" height=\"219\" src=\"https:\/\/stido.lt\/wp-content\/uploads\/2022\/08\/triangle_object-e1660880079691.webp\" class=\"header-image\" alt=\"\" \/>                      <\/div>\r\n                <div class=\"services-list\">\r\n          \r\n            <div class=\"service-item\">\r\n              <div class=\"styled-header-wrapper\">\r\n                <div class=\"header-border-wrapper\">\r\n                  <h3 class=\"service-title styled-header\">Patyr\u0119 in\u017einieriai<\/h3>\r\n                                      <span class=\"service-sub-title\">2D ir 3D<\/span>\r\n                                  <\/div>\r\n              <\/div>\r\n                              <div class=\"service-description-wrapper\">\r\n                                      <div class=\"image-wrapper service-image-wrapper grayscaled\">\r\n                      <img decoding=\"async\" width=\"2560\" height=\"1440\" src=\"https:\/\/stido.lt\/wp-content\/uploads\/2022\/08\/drawings-scaled.jpg\" class=\"attachment-default size-default wp-post-image\" alt=\"\" srcset=\"https:\/\/stido.lt\/wp-content\/uploads\/2022\/08\/drawings-scaled.jpg 2560w, https:\/\/stido.lt\/wp-content\/uploads\/2022\/08\/drawings-300x169.jpg 300w, https:\/\/stido.lt\/wp-content\/uploads\/2022\/08\/drawings-1024x576.jpg 1024w, https:\/\/stido.lt\/wp-content\/uploads\/2022\/08\/drawings-768x432.jpg 768w, https:\/\/stido.lt\/wp-content\/uploads\/2022\/08\/drawings-1536x864.jpg 1536w, https:\/\/stido.lt\/wp-content\/uploads\/2022\/08\/drawings-2048x1152.jpg 2048w, https:\/\/stido.lt\/wp-content\/uploads\/2022\/08\/drawings-600x338.jpg 600w\" sizes=\"(max-width: 2560px) 100vw, 2560px\" \/>                    <\/div>\r\n                                    <div class=\"section-description-inner-wrapper\">\r\n                    <h4 class=\"service-description-header\">In\u017einerin\u0117 dokumentacija<\/h4>\r\n                    <p>Specializuota in\u017einieri\u0173 komanda gali i\u0161analizuoti, patarti ir paversti j\u016bs\u0173 id\u0117jas br\u0117\u017einiais, skai\u010diavimais, galutiniais \u012frankiais ir gaminiais.<\/p>\n                  <\/div>\r\n                <\/div>\r\n                          <\/div>\r\n          \r\n            <div class=\"service-item\">\r\n              <div class=\"styled-header-wrapper\">\r\n                <div class=\"header-border-wrapper\">\r\n                  <h3 class=\"service-title styled-header\">Formos kompozicini\u0173 gamini\u0173 gamybai<\/h3>\r\n                                      <span class=\"service-sub-title\">In-house production<\/span>\r\n                                  <\/div>\r\n              <\/div>\r\n                              <div class=\"service-description-wrapper\">\r\n                                      <div class=\"image-wrapper service-image-wrapper grayscaled\">\r\n                      <img decoding=\"async\" width=\"1440\" height=\"1705\" src=\"https:\/\/stido.lt\/wp-content\/uploads\/2022\/08\/mold.jpg\" class=\"attachment-default size-default wp-post-image\" alt=\"\" srcset=\"https:\/\/stido.lt\/wp-content\/uploads\/2022\/08\/mold.jpg 1440w, https:\/\/stido.lt\/wp-content\/uploads\/2022\/08\/mold-253x300.jpg 253w, https:\/\/stido.lt\/wp-content\/uploads\/2022\/08\/mold-865x1024.jpg 865w, https:\/\/stido.lt\/wp-content\/uploads\/2022\/08\/mold-768x909.jpg 768w, https:\/\/stido.lt\/wp-content\/uploads\/2022\/08\/mold-1297x1536.jpg 1297w, https:\/\/stido.lt\/wp-content\/uploads\/2022\/08\/mold-600x710.jpg 600w\" sizes=\"(max-width: 1440px) 100vw, 1440px\" \/>                    <\/div>\r\n                                    <div class=\"section-description-inner-wrapper\">\r\n                    <h4 class=\"service-description-header\">Visas proces\u0173 spektras iki galutinio produkto<\/h4>\r\n                    <p>Galime suprojektuoti, nubrai\u017eyti ir pagaminti liejimo formas j\u016bs\u0173 projektui, naudojant putplast\u012f, medien\u0105, kompozit\u0105, plien\u0105 ar aliumin\u012f.<\/p>\n                  <\/div>\r\n                <\/div>\r\n                          <\/div>\r\n          \r\n            <div class=\"service-item\">\r\n              <div class=\"styled-header-wrapper\">\r\n                <div class=\"header-border-wrapper\">\r\n                  <h3 class=\"service-title styled-header\">Pluo\u0161tu sustiprintas plastikas<\/h3>\r\n                                      <span class=\"service-sub-title\">(FRP) gamyba<\/span>\r\n                                  <\/div>\r\n              <\/div>\r\n                              <div class=\"service-description-wrapper\">\r\n                                      <div class=\"image-wrapper service-image-wrapper grayscaled\">\r\n                      <img decoding=\"async\" width=\"2048\" height=\"1536\" src=\"https:\/\/stido.lt\/wp-content\/uploads\/2022\/08\/IMG_1520.jpeg\" class=\"attachment-default size-default wp-post-image\" alt=\"\" srcset=\"https:\/\/stido.lt\/wp-content\/uploads\/2022\/08\/IMG_1520.jpeg 2048w, https:\/\/stido.lt\/wp-content\/uploads\/2022\/08\/IMG_1520-300x225.jpeg 300w, https:\/\/stido.lt\/wp-content\/uploads\/2022\/08\/IMG_1520-1024x768.jpeg 1024w, https:\/\/stido.lt\/wp-content\/uploads\/2022\/08\/IMG_1520-768x576.jpeg 768w, https:\/\/stido.lt\/wp-content\/uploads\/2022\/08\/IMG_1520-1536x1152.jpeg 1536w, https:\/\/stido.lt\/wp-content\/uploads\/2022\/08\/IMG_1520-600x450.jpeg 600w\" sizes=\"(max-width: 2048px) 100vw, 2048px\" \/>                    <\/div>\r\n                                    <div class=\"section-description-inner-wrapper\">\r\n                    <h4 class=\"service-description-header\">Individual\u016bs projektai, serijin\u0117 gamyba<\/h4>\r\n                    <p>J\u016bs\u0173 projekt\u0105 paversime realybe.<br \/>\nM\u016bs\u0173 naudojamos technologijos &#8211; RTM, \u0161lapias formavimas, &#8222;Prepreg&#8221; (audiniai i\u0161 anksto impregnuoti derva), klijavimas spaud\u017eiant.<br \/>\nM\u016bs\u0173 turima \u012franga &#8211; programin\u0117s frezavimo stakl\u0117s CNC, autoklavas, hidrauliniai ir vakuuminiai presai.<\/p>\n                  <\/div>\r\n                <\/div>\r\n                          <\/div>\r\n          \r\n            <div class=\"service-item\">\r\n              <div class=\"styled-header-wrapper\">\r\n                <div class=\"header-border-wrapper\">\r\n                  <h3 class=\"service-title styled-header\">Komponent\u0173<\/h3>\r\n                                      <span class=\"service-sub-title\">surinkimas<\/span>\r\n                                  <\/div>\r\n              <\/div>\r\n                              <div class=\"service-description-wrapper\">\r\n                                      <div class=\"image-wrapper service-image-wrapper grayscaled\">\r\n                      <img decoding=\"async\" width=\"1600\" height=\"1200\" src=\"https:\/\/stido.lt\/wp-content\/uploads\/2022\/08\/surinkimas2.jpg\" class=\"attachment-default size-default wp-post-image\" alt=\"\" srcset=\"https:\/\/stido.lt\/wp-content\/uploads\/2022\/08\/surinkimas2.jpg 1600w, https:\/\/stido.lt\/wp-content\/uploads\/2022\/08\/surinkimas2-300x225.jpg 300w, https:\/\/stido.lt\/wp-content\/uploads\/2022\/08\/surinkimas2-1024x768.jpg 1024w, https:\/\/stido.lt\/wp-content\/uploads\/2022\/08\/surinkimas2-768x576.jpg 768w, https:\/\/stido.lt\/wp-content\/uploads\/2022\/08\/surinkimas2-1536x1152.jpg 1536w, https:\/\/stido.lt\/wp-content\/uploads\/2022\/08\/surinkimas2-600x450.jpg 600w\" sizes=\"(max-width: 1600px) 100vw, 1600px\" \/>                    <\/div>\r\n                                    <div class=\"section-description-inner-wrapper\">\r\n                    <h4 class=\"service-description-header\">Pilnas arba dalinis surinkimas<\/h4>\r\n                    <p>J\u016bs\u0173 pagamintas dalis galime surinkti \u012f dalinai arba pilnai sukomplektuotus gaminius.<\/p>\n                  <\/div>\r\n                <\/div>\r\n                          <\/div>\r\n                  <\/div>\r\n      <\/div>\r\n    <\/div>\r\n  <\/section>\r\n\n\n\r\n  <section id=\"background-video-section-block_8a5f84d08a062fcaf9b0d9752cf1afef\" class=\"background-video-section\">\r\n      <div class=\"videowrapper\">\r\n          <div class=\"videowrapper-in\">\r\n              <div class=\"videowrapper-in\">\r\n\r\n              <\/div>\r\n          <\/div>\r\n      <\/div>\r\n  <\/section>\r\n\r\n    <video autoplay=\"false\" controls>\r\n\r\n        <source src=\"https:\/\/stido.lt\/wp-content\/themes\/itbrolis\/images\/stidofinal.mp4\" >\r\n\r\n    <\/video>\r\n\r\n\r\n    <div class=\"background-video-wrapper\">\r\n\r\n        <div class=\"container\">\r\n            <div class=\"background-video-content\">\r\n                <h2 class=\"section-header\">Apdirbimas<\/h2>\r\n            <\/div>\r\n        <\/div>\r\n    <\/div>\r\n\n\n\r\n  <section id=\"trust-us-section-block_23ea0a6e4dc8be974f834eed29d45f61\" class=\"trust-us-section\">\r\n    <div class=\"trust-us-wrapper\">\r\n      <div class=\"container\">\r\n        <div class=\"trust-us-content\">\r\n                      <h2 class=\"section-title heading-1\">Trust In Us<\/h2>\r\n          \r\n          <div class=\"trust-us-companies-list\">\r\n\r\n              \r\n                  <div class=\"trust-us-company-item image-wrapper\">\r\n                      <img decoding=\"async\" width=\"300\" height=\"37\" src=\"https:\/\/stido.lt\/wp-content\/uploads\/2022\/11\/CarlsenBaltic-logo-e1667395049932.png\" class=\"attachment-default size-default wp-post-image\" alt=\"\" \/>                  <\/div>\r\n              \r\n                  <div class=\"trust-us-company-item image-wrapper\">\r\n                      <img decoding=\"async\" width=\"300\" height=\"54\" src=\"https:\/\/stido.lt\/wp-content\/uploads\/2022\/11\/AltasAuto-logo-final.png\" class=\"attachment-default size-default wp-post-image\" alt=\"\" \/>                  <\/div>\r\n              \r\n                  <div class=\"trust-us-company-item image-wrapper\">\r\n                      <img decoding=\"async\" width=\"200\" height=\"77\" src=\"https:\/\/stido.lt\/wp-content\/uploads\/2022\/11\/Ullman-logo-e1667393067456.png\" class=\"attachment-default size-default wp-post-image\" alt=\"\" \/>                  <\/div>\r\n              \r\n                  <div class=\"trust-us-company-item image-wrapper\">\r\n                      <img decoding=\"async\" width=\"300\" height=\"55\" src=\"https:\/\/stido.lt\/wp-content\/uploads\/2022\/11\/CSUB-logo.png\" class=\"attachment-default size-default wp-post-image\" alt=\"\" \/>                  <\/div>\r\n              \r\n                  <div class=\"trust-us-company-item image-wrapper\">\r\n                      <img decoding=\"async\" width=\"200\" height=\"89\" src=\"https:\/\/stido.lt\/wp-content\/uploads\/2022\/11\/CTS-e1667393124369.png\" class=\"attachment-default size-default wp-post-image\" alt=\"\" \/>                  <\/div>\r\n              \r\n                  <div class=\"trust-us-company-item image-wrapper\">\r\n                      <img decoding=\"async\" width=\"100\" height=\"91\" src=\"https:\/\/stido.lt\/wp-content\/uploads\/2022\/11\/Marex-logo-e1667393288886.png\" class=\"attachment-default size-default wp-post-image\" alt=\"\" \/>                  <\/div>\r\n              \r\n                  <div class=\"trust-us-company-item image-wrapper\">\r\n                      <img decoding=\"async\" width=\"250\" height=\"53\" src=\"https:\/\/stido.lt\/wp-content\/uploads\/2022\/11\/ryterna-logo-e1667393465373.png\" class=\"attachment-default size-default wp-post-image\" alt=\"\" \/>                  <\/div>\r\n              \r\n                  <div class=\"trust-us-company-item image-wrapper\">\r\n                      <img decoding=\"async\" width=\"200\" height=\"115\" src=\"https:\/\/stido.lt\/wp-content\/uploads\/2022\/11\/freor-logo-e1667393750887.png\" class=\"attachment-default size-default wp-post-image\" alt=\"\" \/>                  <\/div>\r\n              \r\n                  <div class=\"trust-us-company-item image-wrapper\">\r\n                      <img decoding=\"async\" width=\"198\" height=\"96\" src=\"https:\/\/stido.lt\/wp-content\/uploads\/2022\/11\/profilex-logo-e1667395210359.png\" class=\"attachment-default size-default wp-post-image\" alt=\"\" \/>                  <\/div>\r\n              \r\n\r\n<!--                          <div class=\"trust-us-company-item image-wrapper\">\r\n                <?\/*= wp_get_attachment_image( $company['logo'], 'default', '', ['class' => 'grayscaled'] ); *\/?>\r\n              <\/div>\r\n            -->          <\/div>\r\n        <\/div>\r\n      <\/div>\r\n    <\/div>\r\n  <\/section>\r\n","protected":false},"excerpt":{"rendered":"","protected":false},"author":1,"featured_media":0,"parent":0,"menu_order":0,"comment_status":"closed","ping_status":"closed","template":"","meta":{"_acf_changed":false,"footnotes":""},"class_list":["post-729","page","type-page","status-publish","hentry"],"acf":[],"_links":{"self":[{"href":"https:\/\/stido.lt\/lt\/wp-json\/wp\/v2\/pages\/729","targetHints":{"allow":["GET"]}}],"collection":[{"href":"https:\/\/stido.lt\/lt\/wp-json\/wp\/v2\/pages"}],"about":[{"href":"https:\/\/stido.lt\/lt\/wp-json\/wp\/v2\/types\/page"}],"author":[{"embeddable":true,"href":"https:\/\/stido.lt\/lt\/wp-json\/wp\/v2\/users\/1"}],"replies":[{"embeddable":true,"href":"https:\/\/stido.lt\/lt\/wp-json\/wp\/v2\/comments?post=729"}],"version-history":[{"count":2,"href":"https:\/\/stido.lt\/lt\/wp-json\/wp\/v2\/pages\/729\/revisions"}],"predecessor-version":[{"id":760,"href":"https:\/\/stido.lt\/lt\/wp-json\/wp\/v2\/pages\/729\/revisions\/760"}],"wp:attachment":[{"href":"https:\/\/stido.lt\/lt\/wp-json\/wp\/v2\/media?parent=729"}],"curies":[{"name":"wp","href":"https:\/\/api.w.org\/{rel}","templated":true}]}}