{"id":730,"date":"2022-08-12T19:10:04","date_gmt":"2022-08-12T19:10:04","guid":{"rendered":"https:\/\/stido.lt\/about-us\/"},"modified":"2024-04-11T13:53:37","modified_gmt":"2024-04-11T13:53:37","slug":"apie-mus","status":"publish","type":"page","link":"https:\/\/stido.lt\/lt\/apie-mus\/","title":{"rendered":"Apie mus"},"content":{"rendered":"\r\n  <section id=\"promo-simple-section-block_16a98a39255b0408df7e64b04ed95c15\" class=\"promo-simple-section has-top-image image-overflow half-width image-left\">\r\n    <div class=\"container\">\r\n      <div class=\"promo-simple-wrapper\">\r\n        <div class=\"promo-simple-main-content\">\r\n                      <div class=\"image-wrapper primary-image\">\r\n              <img decoding=\"async\" width=\"1200\" height=\"777\" src=\"https:\/\/stido.lt\/wp-content\/uploads\/2022\/08\/drone.webp\" class=\"\" alt=\"\" srcset=\"https:\/\/stido.lt\/wp-content\/uploads\/2022\/08\/drone.webp 1200w, https:\/\/stido.lt\/wp-content\/uploads\/2022\/08\/drone-300x194.webp 300w, https:\/\/stido.lt\/wp-content\/uploads\/2022\/08\/drone-1024x663.webp 1024w, https:\/\/stido.lt\/wp-content\/uploads\/2022\/08\/drone-768x497.webp 768w, https:\/\/stido.lt\/wp-content\/uploads\/2022\/08\/drone-600x389.webp 600w\" sizes=\"(max-width: 1200px) 100vw, 1200px\" \/>            <\/div>\r\n                    <div class=\"promo-content-wrapper\">\r\n            <div class=\"promo-header-wrapper styled-header-wrapper\">\r\n              <h2 class=\"promo-simple-header styled-header\">Stido<\/h2>\r\n            <\/div>\r\n            <p class=\"promo-simple-content\">Teikiame auk\u0161\u010diauios kokyb\u0117s gamybos paslaugas kompozit\u0173 pramonei. Vykdome projektus nuo br\u0117\u017eini\u0173 iki surinkimo.<\/p>\r\n                            \r\n                      <\/div>\r\n        <\/div>\r\n                  <div class=\"image-wrapper secondary-image\">\r\n            <img decoding=\"async\" width=\"600\" height=\"313\" src=\"https:\/\/stido.lt\/wp-content\/uploads\/2022\/11\/IMG_7323-scaled-e1667430963669.jpg\" class=\"grayscaled\" alt=\"\" srcset=\"https:\/\/stido.lt\/wp-content\/uploads\/2022\/11\/IMG_7323-scaled-e1667430963669.jpg 600w, https:\/\/stido.lt\/wp-content\/uploads\/2022\/11\/IMG_7323-scaled-e1667430963669-300x157.jpg 300w\" sizes=\"(max-width: 600px) 100vw, 600px\" \/>          <\/div>\r\n              <\/div>\r\n    <\/div>\r\n  <\/section>\r\n\n\n\r\n  <section id=\"promo-simple-section-block_aabba5545466a8bf929dff1ea7ab6081\" class=\"promo-simple-section has-top-image image-top half-width image-left\">\r\n    <div class=\"container\">\r\n      <div class=\"promo-simple-wrapper\">\r\n        <div class=\"promo-simple-main-content\">\r\n                      <div class=\"image-wrapper primary-image\">\r\n              <img decoding=\"async\" width=\"600\" height=\"338\" src=\"https:\/\/stido.lt\/wp-content\/uploads\/2022\/11\/panels2-e1667379108975.webp\" class=\"grayscaled\" alt=\"\" srcset=\"https:\/\/stido.lt\/wp-content\/uploads\/2022\/11\/panels2-e1667379108975.webp 600w, https:\/\/stido.lt\/wp-content\/uploads\/2022\/11\/panels2-e1667379108975-300x169.webp 300w\" sizes=\"(max-width: 600px) 100vw, 600px\" \/>            <\/div>\r\n                    <div class=\"promo-content-wrapper\">\r\n            <div class=\"promo-header-wrapper styled-header-wrapper\">\r\n              <h2 class=\"promo-simple-header styled-header\">GRP sunkve\u017eimi\u0173 k\u0117bulai<\/h2>\r\n            <\/div>\r\n            <p class=\"promo-simple-content\">Izotermini\u0173 k\u0117bul\u0173 plok\u0161\u010di\u0173 gamyba.<\/p>\r\n                            \r\n                      <\/div>\r\n        <\/div>\r\n                  <div class=\"image-wrapper secondary-image\">\r\n            <img decoding=\"async\" width=\"600\" height=\"325\" src=\"https:\/\/stido.lt\/wp-content\/uploads\/2022\/11\/original-e1667380289518.jpg\" class=\"grayscaled\" alt=\"\" srcset=\"https:\/\/stido.lt\/wp-content\/uploads\/2022\/11\/original-e1667380289518.jpg 600w, https:\/\/stido.lt\/wp-content\/uploads\/2022\/11\/original-e1667380289518-300x163.jpg 300w\" sizes=\"(max-width: 600px) 100vw, 600px\" \/>          <\/div>\r\n              <\/div>\r\n    <\/div>\r\n  <\/section>\r\n\n\n\r\n  <section id=\"promo-simple-section-block_ab345dc07a509210c3444d8548557fa0\" class=\"promo-simple-section has-top-image image-top half-width image-right\">\r\n    <div class=\"container\">\r\n      <div class=\"promo-simple-wrapper\">\r\n        <div class=\"promo-simple-main-content\">\r\n                      <div class=\"image-wrapper primary-image\">\r\n              <img decoding=\"async\" width=\"2560\" height=\"1703\" src=\"https:\/\/stido.lt\/wp-content\/uploads\/2022\/11\/shutterstock_103628621-scaled.jpg\" class=\"grayscaled\" alt=\"\" srcset=\"https:\/\/stido.lt\/wp-content\/uploads\/2022\/11\/shutterstock_103628621-scaled.jpg 2560w, https:\/\/stido.lt\/wp-content\/uploads\/2022\/11\/shutterstock_103628621-300x200.jpg 300w, https:\/\/stido.lt\/wp-content\/uploads\/2022\/11\/shutterstock_103628621-1024x681.jpg 1024w, https:\/\/stido.lt\/wp-content\/uploads\/2022\/11\/shutterstock_103628621-768x511.jpg 768w, https:\/\/stido.lt\/wp-content\/uploads\/2022\/11\/shutterstock_103628621-1536x1022.jpg 1536w, https:\/\/stido.lt\/wp-content\/uploads\/2022\/11\/shutterstock_103628621-2048x1363.jpg 2048w, https:\/\/stido.lt\/wp-content\/uploads\/2022\/11\/shutterstock_103628621-600x399.jpg 600w\" sizes=\"(max-width: 2560px) 100vw, 2560px\" \/>            <\/div>\r\n                    <div class=\"promo-content-wrapper\">\r\n            <div class=\"promo-header-wrapper styled-header-wrapper\">\r\n              <h2 class=\"promo-simple-header styled-header\">Prabangos ir karin\u0117s prek\u0117s<\/h2>\r\n            <\/div>\r\n            <p class=\"promo-simple-content\">Mes gaminame ir tiekiame plat\u0173 FRP dali\u0173, skirt\u0173 j\u016br\u0173 pramonei, ypa\u010d kariniams laivams ir prabangioms jachtoms, asortiment\u0105.<\/p>\r\n                            \r\n                      <\/div>\r\n        <\/div>\r\n                  <div class=\"image-wrapper secondary-image\">\r\n            <img decoding=\"async\" width=\"600\" height=\"400\" src=\"https:\/\/stido.lt\/wp-content\/uploads\/2022\/11\/IMG_7214-scaled-e1667431012638.jpg\" class=\"grayscaled\" alt=\"\" srcset=\"https:\/\/stido.lt\/wp-content\/uploads\/2022\/11\/IMG_7214-scaled-e1667431012638.jpg 600w, https:\/\/stido.lt\/wp-content\/uploads\/2022\/11\/IMG_7214-scaled-e1667431012638-300x200.jpg 300w\" sizes=\"(max-width: 600px) 100vw, 600px\" \/>          <\/div>\r\n              <\/div>\r\n    <\/div>\r\n  <\/section>\r\n\n\n\r\n  <section id=\"trust-us-section-block_f5c22c7b49cf433211681e33317e9653\" class=\"trust-us-section\">\r\n    <div class=\"trust-us-wrapper\">\r\n      <div class=\"container\">\r\n        <div class=\"trust-us-content\">\r\n                      <h2 class=\"section-title heading-1\">Trust In Us<\/h2>\r\n          \r\n          <div class=\"trust-us-companies-list\">\r\n\r\n              \r\n                  <div class=\"trust-us-company-item image-wrapper\">\r\n                      <img decoding=\"async\" width=\"300\" height=\"37\" src=\"https:\/\/stido.lt\/wp-content\/uploads\/2022\/11\/CarlsenBaltic-logo-e1667395049932.png\" class=\"attachment-default size-default wp-post-image\" alt=\"\" \/>                  <\/div>\r\n              \r\n                  <div class=\"trust-us-company-item image-wrapper\">\r\n                      <img decoding=\"async\" width=\"300\" height=\"54\" src=\"https:\/\/stido.lt\/wp-content\/uploads\/2022\/11\/AltasAuto-logo-final.png\" class=\"attachment-default size-default wp-post-image\" alt=\"\" \/>                  <\/div>\r\n              \r\n                  <div class=\"trust-us-company-item image-wrapper\">\r\n                      <img decoding=\"async\" width=\"200\" height=\"77\" src=\"https:\/\/stido.lt\/wp-content\/uploads\/2022\/11\/Ullman-logo-e1667393067456.png\" class=\"attachment-default size-default wp-post-image\" alt=\"\" \/>                  <\/div>\r\n              \r\n                  <div class=\"trust-us-company-item image-wrapper\">\r\n                      <img decoding=\"async\" width=\"300\" height=\"55\" src=\"https:\/\/stido.lt\/wp-content\/uploads\/2022\/11\/CSUB-logo.png\" class=\"attachment-default size-default wp-post-image\" alt=\"\" \/>                  <\/div>\r\n              \r\n                  <div class=\"trust-us-company-item image-wrapper\">\r\n                      <img decoding=\"async\" width=\"200\" height=\"89\" src=\"https:\/\/stido.lt\/wp-content\/uploads\/2022\/11\/CTS-e1667393124369.png\" class=\"attachment-default size-default wp-post-image\" alt=\"\" \/>                  <\/div>\r\n              \r\n                  <div class=\"trust-us-company-item image-wrapper\">\r\n                      <img decoding=\"async\" width=\"100\" height=\"91\" src=\"https:\/\/stido.lt\/wp-content\/uploads\/2022\/11\/Marex-logo-e1667393288886.png\" class=\"attachment-default size-default wp-post-image\" alt=\"\" \/>                  <\/div>\r\n              \r\n                  <div class=\"trust-us-company-item image-wrapper\">\r\n                      <img decoding=\"async\" width=\"250\" height=\"53\" src=\"https:\/\/stido.lt\/wp-content\/uploads\/2022\/11\/ryterna-logo-e1667393465373.png\" class=\"attachment-default size-default wp-post-image\" alt=\"\" \/>                  <\/div>\r\n              \r\n                  <div class=\"trust-us-company-item image-wrapper\">\r\n                      <img decoding=\"async\" width=\"200\" height=\"115\" src=\"https:\/\/stido.lt\/wp-content\/uploads\/2022\/11\/freor-logo-e1667393750887.png\" class=\"attachment-default size-default wp-post-image\" alt=\"\" \/>                  <\/div>\r\n              \r\n                  <div class=\"trust-us-company-item image-wrapper\">\r\n                      <img decoding=\"async\" width=\"198\" height=\"96\" src=\"https:\/\/stido.lt\/wp-content\/uploads\/2022\/11\/profilex-logo-e1667395210359.png\" class=\"attachment-default size-default wp-post-image\" alt=\"\" \/>                  <\/div>\r\n              \r\n\r\n<!--                          <div class=\"trust-us-company-item image-wrapper\">\r\n                <?\/*= wp_get_attachment_image( $company['logo'], 'default', '', ['class' => 'grayscaled'] ); *\/?>\r\n              <\/div>\r\n            -->          <\/div>\r\n        <\/div>\r\n      <\/div>\r\n    <\/div>\r\n  <\/section>\r\n","protected":false},"excerpt":{"rendered":"","protected":false},"author":2,"featured_media":0,"parent":0,"menu_order":0,"comment_status":"closed","ping_status":"closed","template":"","meta":{"_acf_changed":false,"footnotes":""},"class_list":["post-730","page","type-page","status-publish","hentry"],"acf":[],"_links":{"self":[{"href":"https:\/\/stido.lt\/lt\/wp-json\/wp\/v2\/pages\/730","targetHints":{"allow":["GET"]}}],"collection":[{"href":"https:\/\/stido.lt\/lt\/wp-json\/wp\/v2\/pages"}],"about":[{"href":"https:\/\/stido.lt\/lt\/wp-json\/wp\/v2\/types\/page"}],"author":[{"embeddable":true,"href":"https:\/\/stido.lt\/lt\/wp-json\/wp\/v2\/users\/2"}],"replies":[{"embeddable":true,"href":"https:\/\/stido.lt\/lt\/wp-json\/wp\/v2\/comments?post=730"}],"version-history":[{"count":5,"href":"https:\/\/stido.lt\/lt\/wp-json\/wp\/v2\/pages\/730\/revisions"}],"predecessor-version":[{"id":802,"href":"https:\/\/stido.lt\/lt\/wp-json\/wp\/v2\/pages\/730\/revisions\/802"}],"wp:attachment":[{"href":"https:\/\/stido.lt\/lt\/wp-json\/wp\/v2\/media?parent=730"}],"curies":[{"name":"wp","href":"https:\/\/api.w.org\/{rel}","templated":true}]}}