{"id":731,"date":"2022-07-25T05:23:54","date_gmt":"2022-07-25T05:23:54","guid":{"rendered":"https:\/\/stido.lt\/pradinis\/"},"modified":"2025-01-16T08:22:35","modified_gmt":"2025-01-16T08:22:35","slug":"pradinislt","status":"publish","type":"page","link":"https:\/\/stido.lt\/lt\/","title":{"rendered":"Pradinis"},"content":{"rendered":"\r\n  <section id=\"hero-box-section-block_564bbaa266c75ab25c28606ae1c3d3cf\" class=\"hero-box-section\">\r\n    <div class=\"container\">\r\n      <div class=\"hero-box-wrapper\">\r\n        <div class=\"hero-box-content\">\r\n          <h2 class=\"section-header hero-box-header\">Gamybos paslaugos kompozit\u0173 pramonei<\/h2>\r\n          <a href=\"https:\/\/stido.lt\/kontaktai\/\" class=\"link button button-primary\" title=Atsi\u0173skite mums savo id\u0117j\u0105>Atsi\u0173skite mums savo id\u0117j\u0105<\/a>        <\/div>\r\n        <div class=\"hero-box-video-wrapper\">\r\n\r\n                            <div class=\"background-image-instead\">\r\n            \r\n                    <img decoding=\"async\" src=\"https:\/\/stido.lt\/wp-content\/uploads\/2022\/11\/IMG_7432-scaled.jpg \">\r\n                <\/div>\r\n            \r\n          <img decoding=\"async\" width=\"334\" height=\"333\" src=\"https:\/\/stido.lt\/wp-content\/uploads\/2022\/08\/lines.webp\" class=\"background-pattern\" alt=\"\" srcset=\"https:\/\/stido.lt\/wp-content\/uploads\/2022\/08\/lines.webp 334w, https:\/\/stido.lt\/wp-content\/uploads\/2022\/08\/lines-300x300.webp 300w, https:\/\/stido.lt\/wp-content\/uploads\/2022\/08\/lines-150x150.webp 150w, https:\/\/stido.lt\/wp-content\/uploads\/2022\/08\/lines-100x100.webp 100w, https:\/\/stido.lt\/wp-content\/uploads\/2022\/08\/lines-32x32.webp 32w\" sizes=\"(max-width: 334px) 100vw, 334px\" \/>        <\/div>\r\n      <\/div>\r\n    <\/div>\r\n  <\/section>\r\n\n\n\r\n  <section id=\"promo-simple-section-block_4b9d197fc8e35f3a151f40633e54cee9\" class=\"promo-simple-section has-top-image image-top has-background-pattern background-pattern-side-right\">\r\n    <div class=\"container\">\r\n      <div class=\"promo-simple-wrapper\">\r\n        <div class=\"promo-simple-main-content\">\r\n                      <div class=\"image-wrapper primary-image\">\r\n              <img decoding=\"async\" width=\"979\" height=\"712\" src=\"https:\/\/stido.lt\/wp-content\/uploads\/2022\/08\/about_us_banner.webp\" class=\"\" alt=\"\" srcset=\"https:\/\/stido.lt\/wp-content\/uploads\/2022\/08\/about_us_banner.webp 979w, https:\/\/stido.lt\/wp-content\/uploads\/2022\/08\/about_us_banner-300x218.webp 300w, https:\/\/stido.lt\/wp-content\/uploads\/2022\/08\/about_us_banner-768x559.webp 768w, https:\/\/stido.lt\/wp-content\/uploads\/2022\/08\/about_us_banner-600x436.webp 600w\" sizes=\"(max-width: 979px) 100vw, 979px\" \/>            <\/div>\r\n                    <div class=\"promo-content-wrapper\">\r\n            <div class=\"promo-header-wrapper styled-header-wrapper\">\r\n              <h2 class=\"promo-simple-header styled-header\">Apie mus<\/h2>\r\n            <\/div>\r\n            <p class=\"promo-simple-content\">UAB Stido &#8211; tai lietuvi\u0161ko kapitalo \u012fmon\u0117. Stido specializuojasi pluo\u0161tu sustiprinto plastiko ir izotermini\u0173 plok\u0161\u010di\u0173 gamyboje. Stiklo, anglies, aramido ir nat\u016bral\u016bs pluo\u0161tai naudojami kaip armuojanti med\u017eiaga kartu su poliesterio, vinilasterio ir epoksidin\u0117mis dervomis. Esame patyr\u0119 \u0161lapio formavimo, vakuumin\u0117s infuzijos, lengvojo bei sunkiojo RTM proces\u0173 specialistai. Naudojame hidraulinius ir vakuuminius presus. Patys gaminame gamybai reikalingus \u012frankius, o m\u016bs\u0173 procesai yra tiksliai suplanuoti ir kontroliuojami pagal KPI (Key Performance Indicators). \u012emon\u0117 yra sertifikuota pagal ISO 9001, 14001 ir 45001 standartus. Proces\u0173 efektyvum\u0105 ir stabilum\u0105 u\u017etikrina taikomas LEAN metodas. Finansin\u0119 b\u016bkl\u0119 ir biud\u017eetus audituoja ne\u0161ali\u0161ka \u012fmon\u0117, kuri u\u017etikrina m\u016bs\u0173 klientus, jog esame patikimas ir stabilus verslo partneris. <\/p>\r\n                          <img decoding=\"async\" width=\"355\" height=\"493\" src=\"https:\/\/stido.lt\/wp-content\/uploads\/2022\/08\/dots_pattern-1.png\" class=\"background-pattern\" alt=\"\" srcset=\"https:\/\/stido.lt\/wp-content\/uploads\/2022\/08\/dots_pattern-1.png 355w, https:\/\/stido.lt\/wp-content\/uploads\/2022\/08\/dots_pattern-1-216x300.png 216w\" sizes=\"(max-width: 355px) 100vw, 355px\" \/>  \r\n                      <\/div>\r\n        <\/div>\r\n              <\/div>\r\n    <\/div>\r\n  <\/section>\r\n\n\n  <section id=\"services-section-block_291b3eb2be1cf931a741ed14635c4bde\" class=\"services-section has-header-image header-image-left\">\r\n    <div class=\"container\">\r\n      <div class=\"services-wrapper\">\r\n                  <div class=\"section-header-with-image-wrapper\">\r\n            <h2 class=\"section-title heading-1\">Paslaugos<\/h2>\r\n                          <img decoding=\"async\" width=\"355\" height=\"492\" src=\"https:\/\/stido.lt\/wp-content\/uploads\/2022\/08\/dots_pattern_verticl_reverse.webp\" class=\"header-image\" alt=\"\" srcset=\"https:\/\/stido.lt\/wp-content\/uploads\/2022\/08\/dots_pattern_verticl_reverse.webp 355w, https:\/\/stido.lt\/wp-content\/uploads\/2022\/08\/dots_pattern_verticl_reverse-216x300.webp 216w\" sizes=\"(max-width: 355px) 100vw, 355px\" \/>                      <\/div>\r\n                <div class=\"services-list\">\r\n          \r\n            <div class=\"service-item\">\r\n              <div class=\"styled-header-wrapper\">\r\n                <div class=\"header-border-wrapper\">\r\n                  <h3 class=\"service-title styled-header\">Patyr\u0119 in\u017einieriai<\/h3>\r\n                                      <span class=\"service-sub-title\">2D ir 3D<\/span>\r\n                                  <\/div>\r\n              <\/div>\r\n                              <div class=\"service-description-wrapper\">\r\n                                      <div class=\"image-wrapper service-image-wrapper grayscaled\">\r\n                      <img decoding=\"async\" width=\"2560\" height=\"1440\" src=\"https:\/\/stido.lt\/wp-content\/uploads\/2022\/08\/drawings-scaled.jpg\" class=\"attachment-default size-default wp-post-image\" alt=\"\" srcset=\"https:\/\/stido.lt\/wp-content\/uploads\/2022\/08\/drawings-scaled.jpg 2560w, https:\/\/stido.lt\/wp-content\/uploads\/2022\/08\/drawings-300x169.jpg 300w, https:\/\/stido.lt\/wp-content\/uploads\/2022\/08\/drawings-1024x576.jpg 1024w, https:\/\/stido.lt\/wp-content\/uploads\/2022\/08\/drawings-768x432.jpg 768w, https:\/\/stido.lt\/wp-content\/uploads\/2022\/08\/drawings-1536x864.jpg 1536w, https:\/\/stido.lt\/wp-content\/uploads\/2022\/08\/drawings-2048x1152.jpg 2048w, https:\/\/stido.lt\/wp-content\/uploads\/2022\/08\/drawings-600x338.jpg 600w\" sizes=\"(max-width: 2560px) 100vw, 2560px\" \/>                    <\/div>\r\n                                    <div class=\"section-description-inner-wrapper\">\r\n                    <h4 class=\"service-description-header\">In\u017einerin\u0117 dokumentacija<\/h4>\r\n                    <p>Specializuota in\u017einieri\u0173 komanda gali i\u0161analizuoti, patarti ir paversti j\u016bs\u0173 id\u0117jas br\u0117\u017einiais, skai\u010diavimais, galutiniais \u012frankiais ir gaminiais.<\/p>\n                  <\/div>\r\n                <\/div>\r\n                          <\/div>\r\n          \r\n            <div class=\"service-item\">\r\n              <div class=\"styled-header-wrapper\">\r\n                <div class=\"header-border-wrapper\">\r\n                  <h3 class=\"service-title styled-header\">Formos kompozicini\u0173 gamini\u0173 gamybai<\/h3>\r\n                                      <span class=\"service-sub-title\">In-house production<\/span>\r\n                                  <\/div>\r\n              <\/div>\r\n                              <div class=\"service-description-wrapper\">\r\n                                      <div class=\"image-wrapper service-image-wrapper grayscaled\">\r\n                      <img decoding=\"async\" width=\"1440\" height=\"1705\" src=\"https:\/\/stido.lt\/wp-content\/uploads\/2022\/08\/mold.jpg\" class=\"attachment-default size-default wp-post-image\" alt=\"\" srcset=\"https:\/\/stido.lt\/wp-content\/uploads\/2022\/08\/mold.jpg 1440w, https:\/\/stido.lt\/wp-content\/uploads\/2022\/08\/mold-253x300.jpg 253w, https:\/\/stido.lt\/wp-content\/uploads\/2022\/08\/mold-865x1024.jpg 865w, https:\/\/stido.lt\/wp-content\/uploads\/2022\/08\/mold-768x909.jpg 768w, https:\/\/stido.lt\/wp-content\/uploads\/2022\/08\/mold-1297x1536.jpg 1297w, https:\/\/stido.lt\/wp-content\/uploads\/2022\/08\/mold-600x710.jpg 600w\" sizes=\"(max-width: 1440px) 100vw, 1440px\" \/>                    <\/div>\r\n                                    <div class=\"section-description-inner-wrapper\">\r\n                    <h4 class=\"service-description-header\">Visas proces\u0173 spektras iki galutinio produkto<\/h4>\r\n                    <p>Galime suprojektuoti, nubrai\u017eyti ir pagaminti liejimo formas j\u016bs\u0173 projektui, naudojant putplast\u012f, medien\u0105, kompozit\u0105, plien\u0105 ar aliumin\u012f.<\/p>\n                  <\/div>\r\n                <\/div>\r\n                          <\/div>\r\n          \r\n            <div class=\"service-item\">\r\n              <div class=\"styled-header-wrapper\">\r\n                <div class=\"header-border-wrapper\">\r\n                  <h3 class=\"service-title styled-header\">Pluo\u0161tu sustiprintas plastikas<\/h3>\r\n                                      <span class=\"service-sub-title\">(FRP) gamyba<\/span>\r\n                                  <\/div>\r\n              <\/div>\r\n                              <div class=\"service-description-wrapper\">\r\n                                      <div class=\"image-wrapper service-image-wrapper grayscaled\">\r\n                      <img decoding=\"async\" width=\"2048\" height=\"1536\" src=\"https:\/\/stido.lt\/wp-content\/uploads\/2022\/08\/IMG_1520.jpeg\" class=\"attachment-default size-default wp-post-image\" alt=\"\" srcset=\"https:\/\/stido.lt\/wp-content\/uploads\/2022\/08\/IMG_1520.jpeg 2048w, https:\/\/stido.lt\/wp-content\/uploads\/2022\/08\/IMG_1520-300x225.jpeg 300w, https:\/\/stido.lt\/wp-content\/uploads\/2022\/08\/IMG_1520-1024x768.jpeg 1024w, https:\/\/stido.lt\/wp-content\/uploads\/2022\/08\/IMG_1520-768x576.jpeg 768w, https:\/\/stido.lt\/wp-content\/uploads\/2022\/08\/IMG_1520-1536x1152.jpeg 1536w, https:\/\/stido.lt\/wp-content\/uploads\/2022\/08\/IMG_1520-600x450.jpeg 600w\" sizes=\"(max-width: 2048px) 100vw, 2048px\" \/>                    <\/div>\r\n                                    <div class=\"section-description-inner-wrapper\">\r\n                    <h4 class=\"service-description-header\">Individual\u016bs projektai, serijin\u0117 gamyba<\/h4>\r\n                    <p>J\u016bs\u0173 projekt\u0105 paversime realybe.<br \/>\nM\u016bs\u0173 naudojamos technologijos &#8211; RTM, \u0161lapias formavimas, &#8222;Prepreg&#8221; (audiniai i\u0161 anksto impregnuoti derva), klijavimas spaud\u017eiant.<br \/>\nM\u016bs\u0173 turima \u012franga &#8211; programin\u0117s frezavimo stakl\u0117s CNC, autoklavas, hidrauliniai ir vakuuminiai presai.<\/p>\n                  <\/div>\r\n                <\/div>\r\n                          <\/div>\r\n          \r\n            <div class=\"service-item\">\r\n              <div class=\"styled-header-wrapper\">\r\n                <div class=\"header-border-wrapper\">\r\n                  <h3 class=\"service-title styled-header\">Komponent\u0173<\/h3>\r\n                                      <span class=\"service-sub-title\">surinkimas<\/span>\r\n                                  <\/div>\r\n              <\/div>\r\n                              <div class=\"service-description-wrapper\">\r\n                                      <div class=\"image-wrapper service-image-wrapper grayscaled\">\r\n                      <img decoding=\"async\" width=\"1600\" height=\"1200\" src=\"https:\/\/stido.lt\/wp-content\/uploads\/2022\/08\/surinkimas2.jpg\" class=\"attachment-default size-default wp-post-image\" alt=\"\" srcset=\"https:\/\/stido.lt\/wp-content\/uploads\/2022\/08\/surinkimas2.jpg 1600w, https:\/\/stido.lt\/wp-content\/uploads\/2022\/08\/surinkimas2-300x225.jpg 300w, https:\/\/stido.lt\/wp-content\/uploads\/2022\/08\/surinkimas2-1024x768.jpg 1024w, https:\/\/stido.lt\/wp-content\/uploads\/2022\/08\/surinkimas2-768x576.jpg 768w, https:\/\/stido.lt\/wp-content\/uploads\/2022\/08\/surinkimas2-1536x1152.jpg 1536w, https:\/\/stido.lt\/wp-content\/uploads\/2022\/08\/surinkimas2-600x450.jpg 600w\" sizes=\"(max-width: 1600px) 100vw, 1600px\" \/>                    <\/div>\r\n                                    <div class=\"section-description-inner-wrapper\">\r\n                    <h4 class=\"service-description-header\">Pilnas arba dalinis surinkimas<\/h4>\r\n                    <p>J\u016bs\u0173 pagamintas dalis galime surinkti \u012f dalinai arba pilnai sukomplektuotus gaminius.<\/p>\n                  <\/div>\r\n                <\/div>\r\n                          <\/div>\r\n                  <\/div>\r\n      <\/div>\r\n    <\/div>\r\n  <\/section>\r\n\n\n\r\n  <section id=\"promo-background-image-section-block_fb13f68a9610ca0f300e1152f07eb56c\" class=\"promo-background-image-section\">\r\n    <div class=\"section-background-wrapper\" >\r\n      <div class=\"section-background\" style=\"background-image: url('https:\/\/stido.lt\/wp-content\/uploads\/2022\/11\/image222-scaled.jpg')\"><\/div>\r\n      <div class=\"container\">\r\n        <div class=\"inner-content-wrapper\">\r\n                      <div class=\"section-header-wrapper\">\r\n              <h2 class=\"section-header\">\r\n                                  <span class=\"custom-header-line top-header\">\r\n                    Mes                    <img decoding=\"async\" width=\"44\" height=\"40\" src=\"https:\/\/stido.lt\/wp-content\/uploads\/2022\/08\/heart.webp\" class=\"attachment-default size-default\" alt=\"\" \/>                  <\/span>\r\n                                                  <span class=\"custom-header-line middle-header\">Technologijas &#038;<\/span>\r\n                                                  <span class=\"custom-header-line bottom-header\">Galimybes<\/span>\r\n                              <\/h2>\r\n            <\/div>  \r\n          \r\n                      <div class=\"section-description\">\r\n              <p>Nuo \u0161lapio formavimo iki autoklavo.<\/p>\n            <\/div>\r\n                  <\/div>\r\n      <\/div>\r\n    <\/div>\r\n  <\/section>\r\n\n\n\r\n  <section id=\"promo-projects-section-block_46f227de36de2bd3993810efd8b2009e\" class=\"promo-projects-section\">\r\n    <div class=\"container\">\r\n      <h2 class=\"section-header\">Projektai<\/h2>\r\n      <div class=\"promo-projects-list\">\r\n                  <a class=\"promo-projects-item\" href=\"https:\/\/stido.lt\/lt\/projects\/anglies-pluosto-rankenos\/\">\r\n            <div class=\"project-header-wrapper\">\r\n                              <span class=\"project-term\">2021 &#8211; dabar<\/span>\r\n                                            <div class=\"image-wrapper curved-image grayscaled\">\r\n                  <img decoding=\"async\" width=\"2048\" height=\"1536\" src=\"https:\/\/stido.lt\/wp-content\/uploads\/2022\/08\/Carbon-handles.jpeg\" class=\"attachment-default size-default wp-post-image\" alt=\"\" srcset=\"https:\/\/stido.lt\/wp-content\/uploads\/2022\/08\/Carbon-handles.jpeg 2048w, https:\/\/stido.lt\/wp-content\/uploads\/2022\/08\/Carbon-handles-300x225.jpeg 300w, https:\/\/stido.lt\/wp-content\/uploads\/2022\/08\/Carbon-handles-1024x768.jpeg 1024w, https:\/\/stido.lt\/wp-content\/uploads\/2022\/08\/Carbon-handles-768x576.jpeg 768w, https:\/\/stido.lt\/wp-content\/uploads\/2022\/08\/Carbon-handles-1536x1152.jpeg 1536w, https:\/\/stido.lt\/wp-content\/uploads\/2022\/08\/Carbon-handles-600x450.jpeg 600w\" sizes=\"(max-width: 2048px) 100vw, 2048px\" \/>                <\/div>\r\n                            <div class=\"page-header\">\r\n                <div class=\"styled-header-wrapper\">\r\n                  <h2 class=\"page-title styled-header\">Anglies pluo\u0161to rankenos greitaeigiams kateriams<\/h2>\r\n                <\/div>\r\n                                  <p class=\"project-excerpt\">&#8222;Prepreg&#8221; technologija naudojama gaminant 50% lengvesnes rankenas greitaeigiams kateriams<\/p>\r\n                              <\/div>\r\n            <\/div>\r\n          <\/a>\r\n                  <a class=\"promo-projects-item\" href=\"https:\/\/stido.lt\/lt\/projects\/komercinis-transportas\/\">\r\n            <div class=\"project-header-wrapper\">\r\n                              <span class=\"project-term\">2021 &#8211; dabar<\/span>\r\n                                            <div class=\"image-wrapper curved-image grayscaled\">\r\n                  <img decoding=\"async\" width=\"1341\" height=\"671\" src=\"https:\/\/stido.lt\/wp-content\/uploads\/2022\/08\/truck-bodies1.png\" class=\"attachment-default size-default wp-post-image\" alt=\"\" srcset=\"https:\/\/stido.lt\/wp-content\/uploads\/2022\/08\/truck-bodies1.png 1341w, https:\/\/stido.lt\/wp-content\/uploads\/2022\/08\/truck-bodies1-300x150.png 300w, https:\/\/stido.lt\/wp-content\/uploads\/2022\/08\/truck-bodies1-1024x512.png 1024w, https:\/\/stido.lt\/wp-content\/uploads\/2022\/08\/truck-bodies1-768x384.png 768w, https:\/\/stido.lt\/wp-content\/uploads\/2022\/08\/truck-bodies1-600x300.png 600w\" sizes=\"(max-width: 1341px) 100vw, 1341px\" \/>                <\/div>\r\n                            <div class=\"page-header\">\r\n                <div class=\"styled-header-wrapper\">\r\n                  <h2 class=\"page-title styled-header\">Izotermini\u0173 k\u0117bul\u0173 plok\u0161\u010di\u0173 gamyba komerciniam transportui<\/h2>\r\n                <\/div>\r\n                                  <p class=\"project-excerpt\">\u012evair\u016bs komercinio transporto projektai &#8211; nuo izoterminio sunkve\u017eimio iki greitosios pagalbos automobilio k\u0117bulo.<\/p>\r\n                              <\/div>\r\n            <\/div>\r\n          <\/a>\r\n                <img decoding=\"async\" width=\"267\" height=\"219\" src=\"https:\/\/stido.lt\/wp-content\/uploads\/2022\/08\/triangle_object-e1660880079691.webp\" class=\"right-background-image\" alt=\"\" \/>        <img decoding=\"async\" width=\"493\" height=\"355\" src=\"https:\/\/stido.lt\/wp-content\/uploads\/2022\/08\/dots_pattern_horizontal.webp\" class=\"bottom-background-pattern\" alt=\"\" srcset=\"https:\/\/stido.lt\/wp-content\/uploads\/2022\/08\/dots_pattern_horizontal.webp 493w, https:\/\/stido.lt\/wp-content\/uploads\/2022\/08\/dots_pattern_horizontal-300x216.webp 300w\" sizes=\"(max-width: 493px) 100vw, 493px\" \/>      <\/div>\r\n    <\/div>\r\n  <\/section>\r\n\n\n\r\n  <section id=\"trust-us-section-block_30b170b7a6bedd0d950cc7c8a6356ec5\" class=\"trust-us-section\">\r\n    <div class=\"trust-us-wrapper\">\r\n      <div class=\"container\">\r\n        <div class=\"trust-us-content\">\r\n                      <h2 class=\"section-title heading-1\">Trust In Us<\/h2>\r\n          \r\n          <div class=\"trust-us-companies-list\">\r\n\r\n              \r\n                  <div class=\"trust-us-company-item image-wrapper\">\r\n                      <img decoding=\"async\" width=\"300\" height=\"37\" src=\"https:\/\/stido.lt\/wp-content\/uploads\/2022\/11\/CarlsenBaltic-logo-e1667395049932.png\" class=\"attachment-default size-default wp-post-image\" alt=\"\" \/>                  <\/div>\r\n              \r\n                  <div class=\"trust-us-company-item image-wrapper\">\r\n                      <img decoding=\"async\" width=\"300\" height=\"54\" src=\"https:\/\/stido.lt\/wp-content\/uploads\/2022\/11\/AltasAuto-logo-final.png\" class=\"attachment-default size-default wp-post-image\" alt=\"\" \/>                  <\/div>\r\n              \r\n                  <div class=\"trust-us-company-item image-wrapper\">\r\n                      <img decoding=\"async\" width=\"200\" height=\"77\" src=\"https:\/\/stido.lt\/wp-content\/uploads\/2022\/11\/Ullman-logo-e1667393067456.png\" class=\"attachment-default size-default wp-post-image\" alt=\"\" \/>                  <\/div>\r\n              \r\n                  <div class=\"trust-us-company-item image-wrapper\">\r\n                      <img decoding=\"async\" width=\"300\" height=\"55\" src=\"https:\/\/stido.lt\/wp-content\/uploads\/2022\/11\/CSUB-logo.png\" class=\"attachment-default size-default wp-post-image\" alt=\"\" \/>                  <\/div>\r\n              \r\n                  <div class=\"trust-us-company-item image-wrapper\">\r\n                      <img decoding=\"async\" width=\"200\" height=\"89\" src=\"https:\/\/stido.lt\/wp-content\/uploads\/2022\/11\/CTS-e1667393124369.png\" class=\"attachment-default size-default wp-post-image\" alt=\"\" \/>                  <\/div>\r\n              \r\n                  <div class=\"trust-us-company-item image-wrapper\">\r\n                      <img decoding=\"async\" width=\"100\" height=\"91\" src=\"https:\/\/stido.lt\/wp-content\/uploads\/2022\/11\/Marex-logo-e1667393288886.png\" class=\"attachment-default size-default wp-post-image\" alt=\"\" \/>                  <\/div>\r\n              \r\n                  <div class=\"trust-us-company-item image-wrapper\">\r\n                      <img decoding=\"async\" width=\"250\" height=\"53\" src=\"https:\/\/stido.lt\/wp-content\/uploads\/2022\/11\/ryterna-logo-e1667393465373.png\" class=\"attachment-default size-default wp-post-image\" alt=\"\" \/>                  <\/div>\r\n              \r\n                  <div class=\"trust-us-company-item image-wrapper\">\r\n                      <img decoding=\"async\" width=\"200\" height=\"115\" src=\"https:\/\/stido.lt\/wp-content\/uploads\/2022\/11\/freor-logo-e1667393750887.png\" class=\"attachment-default size-default wp-post-image\" alt=\"\" \/>                  <\/div>\r\n              \r\n                  <div class=\"trust-us-company-item image-wrapper\">\r\n                      <img decoding=\"async\" width=\"198\" height=\"96\" src=\"https:\/\/stido.lt\/wp-content\/uploads\/2022\/11\/profilex-logo-e1667395210359.png\" class=\"attachment-default size-default wp-post-image\" alt=\"\" \/>                  <\/div>\r\n              \r\n\r\n<!--                          <div class=\"trust-us-company-item image-wrapper\">\r\n                <?\/*= wp_get_attachment_image( $company['logo'], 'default', '', ['class' => 'grayscaled'] ); *\/?>\r\n              <\/div>\r\n            -->          <\/div>\r\n        <\/div>\r\n      <\/div>\r\n    <\/div>\r\n  <\/section>\r\n\n\n\n<p><\/p>\n","protected":false},"excerpt":{"rendered":"","protected":false},"author":1,"featured_media":0,"parent":0,"menu_order":0,"comment_status":"closed","ping_status":"closed","template":"page-home.php","meta":{"_acf_changed":false,"footnotes":""},"class_list":["post-731","page","type-page","status-publish","hentry"],"acf":[],"_links":{"self":[{"href":"https:\/\/stido.lt\/lt\/wp-json\/wp\/v2\/pages\/731","targetHints":{"allow":["GET"]}}],"collection":[{"href":"https:\/\/stido.lt\/lt\/wp-json\/wp\/v2\/pages"}],"about":[{"href":"https:\/\/stido.lt\/lt\/wp-json\/wp\/v2\/types\/page"}],"author":[{"embeddable":true,"href":"https:\/\/stido.lt\/lt\/wp-json\/wp\/v2\/users\/1"}],"replies":[{"embeddable":true,"href":"https:\/\/stido.lt\/lt\/wp-json\/wp\/v2\/comments?post=731"}],"version-history":[{"count":9,"href":"https:\/\/stido.lt\/lt\/wp-json\/wp\/v2\/pages\/731\/revisions"}],"predecessor-version":[{"id":851,"href":"https:\/\/stido.lt\/lt\/wp-json\/wp\/v2\/pages\/731\/revisions\/851"}],"wp:attachment":[{"href":"https:\/\/stido.lt\/lt\/wp-json\/wp\/v2\/media?parent=731"}],"curies":[{"name":"wp","href":"https:\/\/api.w.org\/{rel}","templated":true}]}}